{"id":2638,"date":"2022-04-27T16:25:49","date_gmt":"2022-04-27T14:25:49","guid":{"rendered":"https:\/\/gerydemardlin.com\/actualites\/"},"modified":"2022-07-13T11:55:51","modified_gmt":"2022-07-13T09:55:51","slug":"actualites","status":"publish","type":"page","link":"https:\/\/gerydemardlin.com\/zh-hans\/actualites\/","title":{"rendered":"\u65b0\u95fb"},"content":{"rendered":"[vc_row type=&#8221;full_width_content&#8221; full_screen_row_position=&#8221;middle&#8221; column_margin=&#8221;default&#8221; column_direction=&#8221;default&#8221; column_direction_tablet=&#8221;default&#8221; column_direction_phone=&#8221;default&#8221; bg_image=&#8221;414&#8243; bg_position=&#8221;left bottom&#8221; background_image_loading=&#8221;default&#8221; bg_repeat=&#8221;no-repeat&#8221; scene_position=&#8221;center&#8221; top_padding=&#8221;8%&#8221; top_padding_tablet=&#8221;15%&#8221; text_color=&#8221;dark&#8221; text_align=&#8221;left&#8221; row_border_radius=&#8221;none&#8221; row_border_radius_applies=&#8221;bg&#8221; overflow=&#8221;visible&#8221; advanced_gradient_angle=&#8221;0&#8243; overlay_strength=&#8221;0.3&#8243; gradient_direction=&#8221;left_to_right&#8221; shape_divider_position=&#8221;bottom&#8221; bg_image_animation=&#8221;none&#8221; parallax_bg=&#8221;true&#8221; parallax_bg_speed=&#8221;fixed&#8221; gradient_type=&#8221;default&#8221; shape_type=&#8221;&#8221;][vc_column column_padding=&#8221;no-extra-padding&#8221; column_padding_tablet=&#8221;inherit&#8221; column_padding_phone=&#8221;inherit&#8221; column_padding_position=&#8221;all&#8221; column_element_spacing=&#8221;default&#8221; background_color_opacity=&#8221;1&#8243; background_hover_color_opacity=&#8221;1&#8243; background_image=&#8221;416&#8243; background_image_position=&#8221;center center&#8221; background_image_loading=&#8221;default&#8221; column_shadow=&#8221;none&#8221; column_border_radius=&#8221;none&#8221; column_link_target=&#8221;_self&#8221; column_position=&#8221;default&#8221; advanced_gradient_angle=&#8221;0&#8243; gradient_direction=&#8221;left_to_right&#8221; overlay_strength=&#8221;0.3&#8243; width=&#8221;1\/1&#8243; tablet_width_inherit=&#8221;default&#8221; tablet_text_alignment=&#8221;default&#8221; phone_text_alignment=&#8221;default&#8221; animation_type=&#8221;default&#8221; bg_image_animation=&#8221;none&#8221; border_type=&#8221;simple&#8221; column_border_width=&#8221;none&#8221; column_border_style=&#8221;solid&#8221; gradient_type=&#8221;default&#8221;][\/vc_column][\/vc_row][vc_row type=&#8221;full_width_content&#8221; full_screen_row_position=&#8221;middle&#8221; column_margin=&#8221;default&#8221; column_direction=&#8221;default&#8221; column_direction_tablet=&#8221;default&#8221; column_direction_phone=&#8221;default&#8221; bg_image=&#8221;414&#8243; bg_position=&#8221;left top&#8221; background_image_loading=&#8221;default&#8221; bg_repeat=&#8221;no-repeat&#8221; scene_position=&#8221;center&#8221; top_padding=&#8221;6%&#8221; bottom_padding=&#8221;12%&#8221; left_padding_desktop=&#8221;7%&#8221; constrain_group_2=&#8221;yes&#8221; right_padding_desktop=&#8221;7%&#8221; top_padding_tablet=&#8221;8%&#8221; constrain_group_3=&#8221;yes&#8221; bottom_padding_tablet=&#8221;8%&#8221; text_color=&#8221;dark&#8221; text_align=&#8221;left&#8221; row_border_radius=&#8221;none&#8221; row_border_radius_applies=&#8221;bg&#8221; overflow=&#8221;visible&#8221; color_overlay=&#8221;#132b54&#8243; advanced_gradient_angle=&#8221;0&#8243; overlay_strength=&#8221;0.5&#8243; gradient_direction=&#8221;left_to_right&#8221; shape_divider_position=&#8221;bottom&#8221; bg_image_animation=&#8221;none&#8221; parallax_bg=&#8221;true&#8221; parallax_bg_speed=&#8221;fixed&#8221; gradient_type=&#8221;default&#8221; shape_type=&#8221;&#8221;][vc_column column_padding=&#8221;no-extra-padding&#8221; column_padding_tablet=&#8221;inherit&#8221; column_padding_phone=&#8221;inherit&#8221; column_padding_position=&#8221;all&#8221; column_element_spacing=&#8221;default&#8221; background_color_opacity=&#8221;1&#8243; background_hover_color_opacity=&#8221;1&#8243; font_color=&#8221;#ffffff&#8221; column_shadow=&#8221;none&#8221; column_border_radius=&#8221;none&#8221; column_link_target=&#8221;_self&#8221; column_position=&#8221;default&#8221; advanced_gradient_angle=&#8221;0&#8243; gradient_direction=&#8221;left_to_right&#8221; overlay_strength=&#8221;0.3&#8243; width=&#8221;1\/1&#8243; tablet_width_inherit=&#8221;default&#8221; tablet_text_alignment=&#8221;default&#8221; phone_text_alignment=&#8221;default&#8221; animation_type=&#8221;default&#8221; bg_image_animation=&#8221;none&#8221; border_type=&#8221;simple&#8221; column_border_width=&#8221;none&#8221; column_border_style=&#8221;solid&#8221; gradient_type=&#8221;default&#8221;][vc_row_inner column_margin=&#8221;default&#8221; column_direction=&#8221;default&#8221; column_direction_tablet=&#8221;default&#8221; column_direction_phone=&#8221;default&#8221; text_align=&#8221;left&#8221; row_position=&#8221;default&#8221; row_position_tablet=&#8221;inherit&#8221; row_position_phone=&#8221;inherit&#8221; overflow=&#8221;visible&#8221; pointer_events=&#8221;all&#8221;][vc_column_inner column_padding=&#8221;no-extra-padding&#8221; column_padding_tablet=&#8221;inherit&#8221; column_padding_phone=&#8221;inherit&#8221; column_padding_position=&#8221;all&#8221; column_element_spacing=&#8221;default&#8221; background_color_opacity=&#8221;1&#8243; background_hover_color_opacity=&#8221;1&#8243; font_color=&#8221;#ffffff&#8221; column_shadow=&#8221;none&#8221; column_border_radius=&#8221;none&#8221; column_link_target=&#8221;_self&#8221; advanced_gradient_angle=&#8221;0&#8243; gradient_direction=&#8221;left_to_right&#8221; overlay_strength=&#8221;0.3&#8243; width=&#8221;1\/1&#8243; tablet_width_inherit=&#8221;default&#8221; animation_type=&#8221;default&#8221; bg_image_animation=&#8221;none&#8221; border_type=&#8221;simple&#8221; column_border_width=&#8221;none&#8221; column_border_style=&#8221;solid&#8221; gradient_type=&#8221;default&#8221;][vc_column_text el_class=&#8221;big&#8221;]\u65b0\u95fb[\/vc_column_text][\/vc_column_inner][\/vc_row_inner][vc_row_inner column_margin=&#8221;default&#8221; column_direction=&#8221;default&#8221; column_direction_tablet=&#8221;default&#8221; column_direction_phone=&#8221;default&#8221; text_align=&#8221;left&#8221; row_position=&#8221;default&#8221; row_position_tablet=&#8221;inherit&#8221; row_position_phone=&#8221;inherit&#8221; overflow=&#8221;visible&#8221; pointer_events=&#8221;all&#8221;][vc_column_inner column_padding=&#8221;no-extra-padding&#8221; column_padding_tablet=&#8221;inherit&#8221; column_padding_phone=&#8221;inherit&#8221; column_padding_position=&#8221;all&#8221; column_element_spacing=&#8221;default&#8221; background_color_opacity=&#8221;1&#8243; background_hover_color_opacity=&#8221;1&#8243; font_color=&#8221;#ffffff&#8221; column_shadow=&#8221;none&#8221; column_border_radius=&#8221;none&#8221; column_link_target=&#8221;_self&#8221; advanced_gradient_angle=&#8221;0&#8243; gradient_direction=&#8221;left_to_right&#8221; overlay_strength=&#8221;0.3&#8243; width=&#8221;1\/1&#8243; tablet_width_inherit=&#8221;default&#8221; animation_type=&#8221;default&#8221; bg_image_animation=&#8221;none&#8221; border_type=&#8221;simple&#8221; column_border_width=&#8221;none&#8221; column_border_style=&#8221;solid&#8221; gradient_type=&#8221;default&#8221;][vc_column_text el_class=&#8221;med&#8221;]\u4f2f\u5c1a\u7ecf\u5e38\u88ab\u4f5c\u4e3a\u53c2\u8003\u5f8b\u6240\u3002<br \/>\n\u6211\u4eec\u7684\u56e2\u961f\u65f6\u5e38\u51fa\u5e2d\u6cd5\u56fd\u6cd5\u5ead\u4ee5\u53ca\u5916\u56fd\u6cd5\u5ead\u3002[\/vc_column_text][\/vc_column_inner][\/vc_row_inner][\/vc_column][\/vc_row][vc_row type=&#8221;full_width_content&#8221; full_screen_row_position=&#8221;middle&#8221; column_margin=&#8221;default&#8221; column_direction=&#8221;default&#8221; column_direction_tablet=&#8221;default&#8221; column_direction_phone=&#8221;default&#8221; bg_image=&#8221;150&#8243; bg_position=&#8221;right top&#8221; background_image_loading=&#8221;default&#8221; bg_repeat=&#8221;no-repeat&#8221; scene_position=&#8221;center&#8221; text_color=&#8221;dark&#8221; text_align=&#8221;left&#8221; row_border_radius=&#8221;none&#8221; row_border_radius_applies=&#8221;bg&#8221; overflow=&#8221;visible&#8221; advanced_gradient_angle=&#8221;0&#8243; overlay_strength=&#8221;0.3&#8243; gradient_direction=&#8221;left_to_right&#8221; shape_divider_position=&#8221;bottom&#8221; bg_image_animation=&#8221;none&#8221; parallax_bg=&#8221;true&#8221; parallax_bg_speed=&#8221;fixed&#8221; gradient_type=&#8221;default&#8221; shape_type=&#8221;&#8221;][vc_column column_padding=&#8221;padding-5-percent&#8221; column_padding_tablet=&#8221;inherit&#8221; column_padding_phone=&#8221;inherit&#8221; column_padding_position=&#8221;all&#8221; top_margin=&#8221;-13%&#8221; top_margin_tablet=&#8221;0&#8243; top_margin_phone=&#8221;0&#8243; column_element_spacing=&#8221;default&#8221; background_color_opacity=&#8221;1&#8243; background_hover_color_opacity=&#8221;1&#8243; column_shadow=&#8221;none&#8221; column_border_radius=&#8221;none&#8221; column_link_target=&#8221;_self&#8221; column_position=&#8221;default&#8221; advanced_gradient_angle=&#8221;0&#8243; gradient_direction=&#8221;left_to_right&#8221; overlay_strength=&#8221;0.3&#8243; width=&#8221;1\/1&#8243; tablet_width_inherit=&#8221;default&#8221; tablet_text_alignment=&#8221;default&#8221; phone_text_alignment=&#8221;default&#8221; animation_type=&#8221;default&#8221; bg_image_animation=&#8221;none&#8221; border_type=&#8221;simple&#8221; column_border_width=&#8221;none&#8221; column_border_style=&#8221;solid&#8221; gradient_type=&#8221;default&#8221;][nectar_post_grid post_type=&#8221;post&#8221; blog_category=&#8221;distinctions-et-evenements-zh-hans,derniers-dossiers-traites-zh-hans&#8221; order=&#8221;DESC&#8221; orderby=&#8221;date&#8221; pagination=&#8221;none&#8221; columns=&#8221;4&#8243; grid_item_spacing=&#8221;10px&#8221; grid_item_height=&#8221;30vh&#8221; enable_sortable=&#8221;yes&#8221; sortable_alignment=&#8221;left&#8221; sortable_color=&#8221;accent-color&#8221; image_size=&#8221;large&#8221; image_loading=&#8221;default&#8221; animation=&#8221;fade-in-from-bottom&#8221; heading_tag=&#8221;default&#8221; category_position=&#8221;default&#8221; display_date=&#8221;yes&#8221; display_excerpt=&#8221;yes&#8221; grid_style=&#8221;content_overlaid&#8221; text_content_layout=&#8221;all_middle&#8221; color_overlay=&#8221;#5fc4e1&#8243; color_overlay_opacity=&#8221;0.7&#8243; color_overlay_hover_opacity=&#8221;0.2&#8243; text_color=&#8221;light&#8221; text_color_hover=&#8221;light&#8221; text_opacity=&#8221;1&#8243; text_hover_opacity=&#8221;1&#8243; hover_effect=&#8221;animated_underline&#8221; border_radius=&#8221;none&#8221; custom_font_size=&#8221;1.4em&#8221;][\/vc_column][\/vc_row]\n","protected":false},"excerpt":{"rendered":"<p>[vc_row type=&#8221;full_width&#8230;<\/p>\n","protected":false},"author":1,"featured_media":0,"parent":0,"menu_order":0,"comment_status":"closed","ping_status":"closed","template":"","meta":{"footnotes":""},"class_list":["post-2638","page","type-page","status-publish"],"yoast_head":"<!-- This site is optimized with the Yoast SEO plugin v27.5 - https:\/\/yoast.com\/product\/yoast-seo-wordpress\/ -->\n<title>\u65b0\u95fb - G\u00c9RY DEMARD LIN &amp; ASSOCI\u00c9S - Avocats Associ\u00e9s<\/title>\n<meta name=\"description\" content=\"G\u00c9RY DEMARD LIN &amp; ASSOCI\u00c9S intervient quotidiennement devant les juridictions fran\u00e7aises et \u00e9trang\u00e8res\" \/>\n<meta name=\"robots\" content=\"index, follow, max-snippet:-1, max-image-preview:large, max-video-preview:-1\" \/>\n<link rel=\"canonical\" href=\"https:\/\/gerydemardlin.com\/zh-hans\/actualites\/\" \/>\n<meta property=\"og:locale\" content=\"zh_CN\" \/>\n<meta property=\"og:type\" content=\"article\" \/>\n<meta property=\"og:title\" content=\"\u65b0\u95fb - G\u00c9RY DEMARD LIN &amp; ASSOCI\u00c9S - Avocats Associ\u00e9s\" \/>\n<meta property=\"og:description\" content=\"G\u00c9RY DEMARD LIN &amp; ASSOCI\u00c9S intervient quotidiennement devant les juridictions fran\u00e7aises et \u00e9trang\u00e8res\" \/>\n<meta property=\"og:url\" content=\"https:\/\/gerydemardlin.com\/zh-hans\/actualites\/\" \/>\n<meta property=\"og:site_name\" content=\"G\u00c9RY DEMARD LIN &amp; ASSOCI\u00c9S - Avocats Associ\u00e9s\" \/>\n<meta property=\"article:modified_time\" content=\"2022-07-13T09:55:51+00:00\" \/>\n<meta name=\"twitter:card\" content=\"summary_large_image\" \/>\n<meta name=\"twitter:label1\" content=\"\u9884\u8ba1\u9605\u8bfb\u65f6\u95f4\" \/>\n\t<meta name=\"twitter:data1\" content=\"2 \u5206\" \/>\n<script type=\"application\/ld+json\" class=\"yoast-schema-graph\">{\"@context\":\"https:\\\/\\\/schema.org\",\"@graph\":[{\"@type\":\"WebPage\",\"@id\":\"https:\\\/\\\/gerydemardlin.com\\\/zh-hans\\\/actualites\\\/\",\"url\":\"https:\\\/\\\/gerydemardlin.com\\\/zh-hans\\\/actualites\\\/\",\"name\":\"\u65b0\u95fb - G\u00c9RY DEMARD LIN & ASSOCI\u00c9S - Avocats Associ\u00e9s\",\"isPartOf\":{\"@id\":\"https:\\\/\\\/gerydemardlin.com\\\/zh-hans\\\/#website\"},\"datePublished\":\"2022-04-27T14:25:49+00:00\",\"dateModified\":\"2022-07-13T09:55:51+00:00\",\"description\":\"G\u00c9RY DEMARD LIN & ASSOCI\u00c9S intervient quotidiennement devant les juridictions fran\u00e7aises et \u00e9trang\u00e8res\",\"breadcrumb\":{\"@id\":\"https:\\\/\\\/gerydemardlin.com\\\/zh-hans\\\/actualites\\\/#breadcrumb\"},\"inLanguage\":\"zh-Hans\",\"potentialAction\":[{\"@type\":\"ReadAction\",\"target\":[\"https:\\\/\\\/gerydemardlin.com\\\/zh-hans\\\/actualites\\\/\"]}]},{\"@type\":\"BreadcrumbList\",\"@id\":\"https:\\\/\\\/gerydemardlin.com\\\/zh-hans\\\/actualites\\\/#breadcrumb\",\"itemListElement\":[{\"@type\":\"ListItem\",\"position\":1,\"name\":\"Accueil\",\"item\":\"https:\\\/\\\/gerydemardlin.com\\\/zh-hans\\\/\"},{\"@type\":\"ListItem\",\"position\":2,\"name\":\"\u65b0\u95fb\"}]},{\"@type\":\"WebSite\",\"@id\":\"https:\\\/\\\/gerydemardlin.com\\\/zh-hans\\\/#website\",\"url\":\"https:\\\/\\\/gerydemardlin.com\\\/zh-hans\\\/\",\"name\":\"G\u00c9RY DEMARD LIN & ASSOCI\u00c9S - Avocats Associ\u00e9s\",\"description\":\"Avocats au Barreau de Paris\",\"publisher\":{\"@id\":\"https:\\\/\\\/gerydemardlin.com\\\/zh-hans\\\/#organization\"},\"potentialAction\":[{\"@type\":\"SearchAction\",\"target\":{\"@type\":\"EntryPoint\",\"urlTemplate\":\"https:\\\/\\\/gerydemardlin.com\\\/zh-hans\\\/?s={search_term_string}\"},\"query-input\":{\"@type\":\"PropertyValueSpecification\",\"valueRequired\":true,\"valueName\":\"search_term_string\"}}],\"inLanguage\":\"zh-Hans\"},{\"@type\":\"Organization\",\"@id\":\"https:\\\/\\\/gerydemardlin.com\\\/zh-hans\\\/#organization\",\"name\":\"G\u00c9RY DEMARD LIN & ASSOCI\u00c9S - Avocats Associ\u00e9s\",\"url\":\"https:\\\/\\\/gerydemardlin.com\\\/zh-hans\\\/\",\"logo\":{\"@type\":\"ImageObject\",\"inLanguage\":\"zh-Hans\",\"@id\":\"https:\\\/\\\/gerydemardlin.com\\\/zh-hans\\\/#\\\/schema\\\/logo\\\/image\\\/\",\"url\":\"https:\\\/\\\/gerydemardlin.com\\\/wp-content\\\/uploads\\\/2024\\\/12\\\/gdl.svg\",\"contentUrl\":\"https:\\\/\\\/gerydemardlin.com\\\/wp-content\\\/uploads\\\/2024\\\/12\\\/gdl.svg\",\"width\":302,\"height\":460,\"caption\":\"G\u00c9RY DEMARD LIN & ASSOCI\u00c9S - Avocats Associ\u00e9s\"},\"image\":{\"@id\":\"https:\\\/\\\/gerydemardlin.com\\\/zh-hans\\\/#\\\/schema\\\/logo\\\/image\\\/\"},\"sameAs\":[\"https:\\\/\\\/www.linkedin.com\\\/company\\\/gdlassocies\\\/?originalSubdomain=fr\"]}]}<\/script>\n<!-- \/ Yoast SEO plugin. -->","yoast_head_json":{"title":"\u65b0\u95fb - G\u00c9RY DEMARD LIN & ASSOCI\u00c9S - Avocats Associ\u00e9s","description":"G\u00c9RY DEMARD LIN & ASSOCI\u00c9S intervient quotidiennement devant les juridictions fran\u00e7aises et \u00e9trang\u00e8res","robots":{"index":"index","follow":"follow","max-snippet":"max-snippet:-1","max-image-preview":"max-image-preview:large","max-video-preview":"max-video-preview:-1"},"canonical":"https:\/\/gerydemardlin.com\/zh-hans\/actualites\/","og_locale":"zh_CN","og_type":"article","og_title":"\u65b0\u95fb - G\u00c9RY DEMARD LIN & ASSOCI\u00c9S - Avocats Associ\u00e9s","og_description":"G\u00c9RY DEMARD LIN & ASSOCI\u00c9S intervient quotidiennement devant les juridictions fran\u00e7aises et \u00e9trang\u00e8res","og_url":"https:\/\/gerydemardlin.com\/zh-hans\/actualites\/","og_site_name":"G\u00c9RY DEMARD LIN & ASSOCI\u00c9S - Avocats Associ\u00e9s","article_modified_time":"2022-07-13T09:55:51+00:00","twitter_card":"summary_large_image","twitter_misc":{"\u9884\u8ba1\u9605\u8bfb\u65f6\u95f4":"2 \u5206"},"schema":{"@context":"https:\/\/schema.org","@graph":[{"@type":"WebPage","@id":"https:\/\/gerydemardlin.com\/zh-hans\/actualites\/","url":"https:\/\/gerydemardlin.com\/zh-hans\/actualites\/","name":"\u65b0\u95fb - G\u00c9RY DEMARD LIN & ASSOCI\u00c9S - Avocats Associ\u00e9s","isPartOf":{"@id":"https:\/\/gerydemardlin.com\/zh-hans\/#website"},"datePublished":"2022-04-27T14:25:49+00:00","dateModified":"2022-07-13T09:55:51+00:00","description":"G\u00c9RY DEMARD LIN & ASSOCI\u00c9S intervient quotidiennement devant les juridictions fran\u00e7aises et \u00e9trang\u00e8res","breadcrumb":{"@id":"https:\/\/gerydemardlin.com\/zh-hans\/actualites\/#breadcrumb"},"inLanguage":"zh-Hans","potentialAction":[{"@type":"ReadAction","target":["https:\/\/gerydemardlin.com\/zh-hans\/actualites\/"]}]},{"@type":"BreadcrumbList","@id":"https:\/\/gerydemardlin.com\/zh-hans\/actualites\/#breadcrumb","itemListElement":[{"@type":"ListItem","position":1,"name":"Accueil","item":"https:\/\/gerydemardlin.com\/zh-hans\/"},{"@type":"ListItem","position":2,"name":"\u65b0\u95fb"}]},{"@type":"WebSite","@id":"https:\/\/gerydemardlin.com\/zh-hans\/#website","url":"https:\/\/gerydemardlin.com\/zh-hans\/","name":"G\u00c9RY DEMARD LIN & ASSOCI\u00c9S - Avocats Associ\u00e9s","description":"Avocats au Barreau de Paris","publisher":{"@id":"https:\/\/gerydemardlin.com\/zh-hans\/#organization"},"potentialAction":[{"@type":"SearchAction","target":{"@type":"EntryPoint","urlTemplate":"https:\/\/gerydemardlin.com\/zh-hans\/?s={search_term_string}"},"query-input":{"@type":"PropertyValueSpecification","valueRequired":true,"valueName":"search_term_string"}}],"inLanguage":"zh-Hans"},{"@type":"Organization","@id":"https:\/\/gerydemardlin.com\/zh-hans\/#organization","name":"G\u00c9RY DEMARD LIN & ASSOCI\u00c9S - Avocats Associ\u00e9s","url":"https:\/\/gerydemardlin.com\/zh-hans\/","logo":{"@type":"ImageObject","inLanguage":"zh-Hans","@id":"https:\/\/gerydemardlin.com\/zh-hans\/#\/schema\/logo\/image\/","url":"https:\/\/gerydemardlin.com\/wp-content\/uploads\/2024\/12\/gdl.svg","contentUrl":"https:\/\/gerydemardlin.com\/wp-content\/uploads\/2024\/12\/gdl.svg","width":302,"height":460,"caption":"G\u00c9RY DEMARD LIN & ASSOCI\u00c9S - Avocats Associ\u00e9s"},"image":{"@id":"https:\/\/gerydemardlin.com\/zh-hans\/#\/schema\/logo\/image\/"},"sameAs":["https:\/\/www.linkedin.com\/company\/gdlassocies\/?originalSubdomain=fr"]}]}},"_links":{"self":[{"href":"https:\/\/gerydemardlin.com\/zh-hans\/wp-json\/wp\/v2\/pages\/2638","targetHints":{"allow":["GET"]}}],"collection":[{"href":"https:\/\/gerydemardlin.com\/zh-hans\/wp-json\/wp\/v2\/pages"}],"about":[{"href":"https:\/\/gerydemardlin.com\/zh-hans\/wp-json\/wp\/v2\/types\/page"}],"author":[{"embeddable":true,"href":"https:\/\/gerydemardlin.com\/zh-hans\/wp-json\/wp\/v2\/users\/1"}],"replies":[{"embeddable":true,"href":"https:\/\/gerydemardlin.com\/zh-hans\/wp-json\/wp\/v2\/comments?post=2638"}],"version-history":[{"count":6,"href":"https:\/\/gerydemardlin.com\/zh-hans\/wp-json\/wp\/v2\/pages\/2638\/revisions"}],"predecessor-version":[{"id":2754,"href":"https:\/\/gerydemardlin.com\/zh-hans\/wp-json\/wp\/v2\/pages\/2638\/revisions\/2754"}],"wp:attachment":[{"href":"https:\/\/gerydemardlin.com\/zh-hans\/wp-json\/wp\/v2\/media?parent=2638"}],"curies":[{"name":"wp","href":"https:\/\/api.w.org\/{rel}","templated":true}]}}